{"id":9497,"date":"2025-01-20T12:16:26","date_gmt":"2025-01-20T10:16:26","guid":{"rendered":"https:\/\/medieco.fi\/tillganglighetsutlatande\/"},"modified":"2025-01-20T12:33:19","modified_gmt":"2025-01-20T10:33:19","slug":"tillganglighetsutlatande","status":"publish","type":"page","link":"https:\/\/medieco.fi\/sv\/tillganglighetsutlatande\/","title":{"rendered":"Tillg\u00e4nglighetsutl\u00e5tande"},"content":{"rendered":"\n<style type=\"text\/css\" data-created_by=\"avia_inline_auto\" id=\"style-css-av-jcv0o-6c3c36875aee14cc352d24c1815f0b5f\">\n.flex_column.av-jcv0o-6c3c36875aee14cc352d24c1815f0b5f{\nborder-radius:0px 0px 0px 0px;\npadding:0px 0px 0px 0px;\n}\n<\/style>\n<div  class='flex_column av-jcv0o-6c3c36875aee14cc352d24c1815f0b5f av_one_full  avia-builder-el-0  avia-builder-el-no-sibling  first flex_column_div av-zero-column-padding  '     ><p>\n<style type=\"text\/css\" data-created_by=\"avia_inline_auto\" id=\"style-css-av-7rmyg-5be7439e800611cdf8bb755cfbf151d6\">\n#top .av-special-heading.av-7rmyg-5be7439e800611cdf8bb755cfbf151d6{\npadding-bottom:10px;\n}\nbody .av-special-heading.av-7rmyg-5be7439e800611cdf8bb755cfbf151d6 .av-special-heading-tag .heading-char{\nfont-size:25px;\n}\n.av-special-heading.av-7rmyg-5be7439e800611cdf8bb755cfbf151d6 .av-subheading{\nfont-size:15px;\n}\n<\/style>\n<div  class='av-special-heading av-7rmyg-5be7439e800611cdf8bb755cfbf151d6 av-special-heading-h2 blockquote modern-quote modern-centered  avia-builder-el-1  el_before_av_textblock  avia-builder-el-first  otsikko'><h2 class='av-special-heading-tag'  itemprop=\"headline\"  >Tillg\u00e4nglighetsutl\u00e5tande<\/h2><div class=\"special-heading-border\"><div class=\"special-heading-inner-border\"><\/div><\/div><\/div><br \/>\n<section  class='av_textblock_section av-7e1rc-a0b0b01c1da13b0c109abda5e1fc0253 '   itemscope=\"itemscope\" itemtype=\"https:\/\/schema.org\/CreativeWork\" ><div class='avia_textblock infobox'  itemprop=\"text\" ><p>Detta tillg\u00e4nglighetsutl\u00e5tande beskriver hur www.medieco.fi f\u00f6ljer lagen om tillhandah\u00e5llande av digitala tj\u00e4nster, vilka brister som finns i tillg\u00e4ngligheten och hur du kan ge oss feedback om tillg\u00e4nglighetsfr\u00e5gor.<\/p>\n<p>Detta tillg\u00e4nglighetsutl\u00e5tande har sammanst\u00e4llts den 20.1.2025.<\/p>\n<h3><strong>Tillg\u00e4nglighetsdirektivet<\/strong><\/h3>\n<p>Lagen om tillhandah\u00e5llande av digitala tj\u00e4nster kr\u00e4ver att offentliga tj\u00e4nster p\u00e5 n\u00e4tet ska vara tillg\u00e4ngliga. Detta inneb\u00e4r att en webbtj\u00e4nst m\u00e5ste uppfylla niv\u00e5erna A och AA i Web Content Accessibility Guidelines (WCAG) 2.1-kriterierna. Tillg\u00e4nglighetsdirektivet, som tr\u00e4dde i kraft 2019, kr\u00e4ver att den offentliga sektorns webbsidor och mobila tj\u00e4nster ska vara tillg\u00e4ngliga.<\/p>\n<p>Vi str\u00e4var efter att uppfylla tillg\u00e4nglighetskraven och identifiera tillg\u00e4nglighetsrelaterade utvecklingsomr\u00e5den p\u00e5 webbsidan Medieco.fi. Till exempel har webbsidan Medieco.fi ett tillg\u00e4nglighetsverktyg som g\u00f6r det m\u00f6jligt f\u00f6r anv\u00e4ndarna att bland annat \u00e4ndra storlek och kontrast p\u00e5 text. Vi kommer att g\u00f6ra v\u00e5rt b\u00e4sta f\u00f6r att uppfylla dessa krav.<\/p>\n<h3><strong>Tillg\u00e4nglighetsstatus f\u00f6r hemsidan<\/strong><\/h3>\n<p>Denna webbsida uppfyller i stort sett de juridiska tillg\u00e4nglighetskriterierna f\u00f6r niv\u00e5erna A och AA (WCAG-kriterierna 2.1). Men sidan kan fortfarande ha vissa tillg\u00e4nglighetsbrister.<\/p>\n<h3><strong>Icke-tillg\u00e4ngligt inneh\u00e5ll<\/strong><\/h3>\n<p>Webbsidan uppfyller de flesta av tillg\u00e4nglighetskraven. De st\u00f6rsta hindren f\u00f6r tillg\u00e4nglighet listas nedan. Medieco Oy arbetar aktivt med att f\u00f6rb\u00e4ttra tillg\u00e4ngligheten p\u00e5 webbsidan.<\/p>\n<ul>\n<li><strong>Texth\u00e4nvisningar till bilder (alt-texter)<br \/>\n<\/strong>En del av bilderna p\u00e5 webbsidan saknar alternativ text, vilket kan vara problematiskt f\u00f6r anv\u00e4ndare av sk\u00e4rml\u00e4sarprogram (WCAG 2.1: 1.1.1).<\/li>\n<li><strong>PDF-dokument<br \/>\n<\/strong>Webbsidan inneh\u00e5ller PDF-filer som inte \u00e4r fullt tillg\u00e4ngliga (WCAG 2.1: 4.1.2).<\/li>\n<li><strong>Navigering med tangentbord<br \/>\n<\/strong>Alla knappar och l\u00e4nkar \u00e4r inte fullt tillg\u00e4ngliga med tangentbordet (WCAG 2.1: 2.1.1).<\/li>\n<\/ul>\n<h3><strong>M\u00e4rkte du brister i tillg\u00e4ngligheten?\u00a0 <\/strong><\/h3>\n<p>Medieco Oy arbetar aktivt f\u00f6r att f\u00f6rb\u00e4ttra tillg\u00e4ngligheten p\u00e5 sin webbsida. Om du m\u00e4rker n\u00e5gra tillg\u00e4nglighetsproblem p\u00e5 webbsidan, v\u00e4nligen meddela oss s\u00e5 ska vi g\u00f6ra v\u00e5rt b\u00e4sta f\u00f6r att \u00e5tg\u00e4rda dem. Vi svarar inom 14 dagar.<\/p>\n<p>Du kan kontakta oss via v\u00e5r kundtj\u00e4nstportal.<\/p>\n<\/div><\/section><br \/>\n<div  class='avia-button-wrap av-m64vsxoi-86e5f0853fd6081d10439df20809e4aa-wrap avia-button-left  avia-builder-el-3  el_after_av_textblock  el_before_av_hr '><a href='https:\/\/medieco.atlassian.net\/servicedesk\/customer\/portal\/1' class='avia-button av-m64vsxoi-86e5f0853fd6081d10439df20809e4aa av-link-btn avia-icon_select-no avia-size-medium avia-position-left avia-color-theme-color' target=\"_blank\" rel=\"noopener noreferrer\"><span class='avia_iconbox_title' >G\u00f6r kundbetj\u00e4ningsbeg\u00e4ran<\/span><\/a><\/div><br \/>\n\n<style type=\"text\/css\" data-created_by=\"avia_inline_auto\" id=\"style-css-av-m64vvlwu-6f5662031aa77c17c84fff401bc23b4c\">\n#top .hr.hr-invisible.av-m64vvlwu-6f5662031aa77c17c84fff401bc23b4c{\nheight:20px;\n}\n<\/style>\n<div  class='hr av-m64vvlwu-6f5662031aa77c17c84fff401bc23b4c hr-invisible  avia-builder-el-4  el_after_av_button  el_before_av_textblock '><span class='hr-inner '><span class=\"hr-inner-style\"><\/span><\/span><\/div><br \/>\n<section  class='av_textblock_section av-m64vrdox-6713290af1cc33a1f100f4c7eae880bc '   itemscope=\"itemscope\" itemtype=\"https:\/\/schema.org\/CreativeWork\" ><div class='avia_textblock'  itemprop=\"text\" ><h3><strong>\u00d6vervakning av tillg\u00e4ngligheten<\/strong><\/h3>\n<p>Transport- och kommunikationsverket Traficom \u00e4r den myndighet i Finland som \u00f6vervakar hur tillg\u00e4nglighetskraven iakttas. Om du inte \u00e4r n\u00f6jd med det svar du har f\u00e5tt eller inte f\u00e5r n\u00e5got svar alls inom tv\u00e5 veckor kan du l\u00e4mna in en anm\u00e4lan.<\/p>\n<p><strong>Tillsynsmyndighetens kontaktuppgifter<\/strong><\/p>\n<p>Transport- och kommunikationsverket Traficom<\/p>\n<p>Enheten f\u00f6r tillsyn \u00f6ver digital tillg\u00e4nglighet PLB 320<\/p>\n<p>00059 TRAFICOM<\/p>\n<p><a href=\"http:\/\/www.tillganglighetskrav.fi\">www.tillganglighetskrav.fi<\/a><\/p>\n<p>tillganglighet(at)traficom.fi<\/p>\n<p>V\u00e4xel: 029 534 5000<\/p>\n<\/div><\/section><\/p><\/div>\n","protected":false},"excerpt":{"rendered":"","protected":false},"author":9,"featured_media":0,"parent":0,"menu_order":0,"comment_status":"closed","ping_status":"closed","template":"","meta":{"footnotes":""},"class_list":["post-9497","page","type-page","status-publish","hentry"],"yoast_head":"<!-- This site is optimized with the Yoast SEO plugin v27.3 - https:\/\/yoast.com\/product\/yoast-seo-wordpress\/ -->\n<title>Tillg\u00e4nglighetsutl\u00e5tande - Medieco<\/title>\n<meta name=\"description\" content=\"Tillg\u00e4nglighetsutl\u00e5tande beskriver hur www.medieco.fi f\u00f6ljer lagen om tillhandah\u00e5llande av digitala tj\u00e4nster, vilka brister som finns i tillg\u00e4ngligheten och hur du kan ge oss feedback om tillg\u00e4nglighetsfr\u00e5gor.\" \/>\n<meta name=\"robots\" content=\"index, follow, max-snippet:-1, max-image-preview:large, max-video-preview:-1\" \/>\n<link rel=\"canonical\" href=\"https:\/\/medieco.fi\/sv\/tillganglighetsutlatande\/\" \/>\n<meta property=\"og:locale\" content=\"sv_SE\" \/>\n<meta property=\"og:type\" content=\"article\" \/>\n<meta property=\"og:title\" content=\"Tillg\u00e4nglighetsutl\u00e5tande - Medieco\" \/>\n<meta property=\"og:description\" content=\"Tillg\u00e4nglighetsutl\u00e5tande beskriver hur www.medieco.fi f\u00f6ljer lagen om tillhandah\u00e5llande av digitala tj\u00e4nster, vilka brister som finns i tillg\u00e4ngligheten och hur du kan ge oss feedback om tillg\u00e4nglighetsfr\u00e5gor.\" \/>\n<meta property=\"og:url\" content=\"https:\/\/medieco.fi\/sv\/tillganglighetsutlatande\/\" \/>\n<meta property=\"og:site_name\" content=\"Medieco\" \/>\n<meta property=\"article:publisher\" content=\"https:\/\/www.linkedin.com\/company\/medieco\" \/>\n<meta property=\"article:modified_time\" content=\"2025-01-20T10:33:19+00:00\" \/>\n<meta name=\"twitter:card\" content=\"summary_large_image\" \/>\n<meta name=\"twitter:label1\" content=\"Ber\u00e4knad l\u00e4stid\" \/>\n\t<meta name=\"twitter:data1\" content=\"3 minuter\" \/>\n<script type=\"application\/ld+json\" class=\"yoast-schema-graph\">{\"@context\":\"https:\\\/\\\/schema.org\",\"@graph\":[{\"@type\":\"WebPage\",\"@id\":\"https:\\\/\\\/medieco.fi\\\/sv\\\/tillganglighetsutlatande\\\/\",\"url\":\"https:\\\/\\\/medieco.fi\\\/sv\\\/tillganglighetsutlatande\\\/\",\"name\":\"Tillg\u00e4nglighetsutl\u00e5tande - Medieco\",\"isPartOf\":{\"@id\":\"https:\\\/\\\/medieco.fi\\\/#website\"},\"datePublished\":\"2025-01-20T10:16:26+00:00\",\"dateModified\":\"2025-01-20T10:33:19+00:00\",\"description\":\"Tillg\u00e4nglighetsutl\u00e5tande beskriver hur www.medieco.fi f\u00f6ljer lagen om tillhandah\u00e5llande av digitala tj\u00e4nster, vilka brister som finns i tillg\u00e4ngligheten och hur du kan ge oss feedback om tillg\u00e4nglighetsfr\u00e5gor.\",\"breadcrumb\":{\"@id\":\"https:\\\/\\\/medieco.fi\\\/sv\\\/tillganglighetsutlatande\\\/#breadcrumb\"},\"inLanguage\":\"sv-SE\",\"potentialAction\":[{\"@type\":\"ReadAction\",\"target\":[\"https:\\\/\\\/medieco.fi\\\/sv\\\/tillganglighetsutlatande\\\/\"]}]},{\"@type\":\"BreadcrumbList\",\"@id\":\"https:\\\/\\\/medieco.fi\\\/sv\\\/tillganglighetsutlatande\\\/#breadcrumb\",\"itemListElement\":[{\"@type\":\"ListItem\",\"position\":1,\"name\":\"Etusivu\",\"item\":\"https:\\\/\\\/medieco.fi\\\/sv\\\/hemsida\\\/\"},{\"@type\":\"ListItem\",\"position\":2,\"name\":\"Tillg\u00e4nglighetsutl\u00e5tande\"}]},{\"@type\":\"WebSite\",\"@id\":\"https:\\\/\\\/medieco.fi\\\/#website\",\"url\":\"https:\\\/\\\/medieco.fi\\\/\",\"name\":\"Medieco\",\"description\":\"Verkko-oppimisen asiantuntija\",\"publisher\":{\"@id\":\"https:\\\/\\\/medieco.fi\\\/#organization\"},\"potentialAction\":[{\"@type\":\"SearchAction\",\"target\":{\"@type\":\"EntryPoint\",\"urlTemplate\":\"https:\\\/\\\/medieco.fi\\\/?s={search_term_string}\"},\"query-input\":{\"@type\":\"PropertyValueSpecification\",\"valueRequired\":true,\"valueName\":\"search_term_string\"}}],\"inLanguage\":\"sv-SE\"},{\"@type\":\"Organization\",\"@id\":\"https:\\\/\\\/medieco.fi\\\/#organization\",\"name\":\"Medieco oy\",\"url\":\"https:\\\/\\\/medieco.fi\\\/\",\"logo\":{\"@type\":\"ImageObject\",\"inLanguage\":\"sv-SE\",\"@id\":\"https:\\\/\\\/medieco.fi\\\/#\\\/schema\\\/logo\\\/image\\\/\",\"url\":\"https:\\\/\\\/medieco.fi\\\/wp-content\\\/uploads\\\/2022\\\/10\\\/Logo_verkkosivut.png\",\"contentUrl\":\"https:\\\/\\\/medieco.fi\\\/wp-content\\\/uploads\\\/2022\\\/10\\\/Logo_verkkosivut.png\",\"width\":340,\"height\":150,\"caption\":\"Medieco oy\"},\"image\":{\"@id\":\"https:\\\/\\\/medieco.fi\\\/#\\\/schema\\\/logo\\\/image\\\/\"},\"sameAs\":[\"https:\\\/\\\/www.linkedin.com\\\/company\\\/medieco\"]}]}<\/script>\n<!-- \/ Yoast SEO plugin. -->","yoast_head_json":{"title":"Tillg\u00e4nglighetsutl\u00e5tande - Medieco","description":"Tillg\u00e4nglighetsutl\u00e5tande beskriver hur www.medieco.fi f\u00f6ljer lagen om tillhandah\u00e5llande av digitala tj\u00e4nster, vilka brister som finns i tillg\u00e4ngligheten och hur du kan ge oss feedback om tillg\u00e4nglighetsfr\u00e5gor.","robots":{"index":"index","follow":"follow","max-snippet":"max-snippet:-1","max-image-preview":"max-image-preview:large","max-video-preview":"max-video-preview:-1"},"canonical":"https:\/\/medieco.fi\/sv\/tillganglighetsutlatande\/","og_locale":"sv_SE","og_type":"article","og_title":"Tillg\u00e4nglighetsutl\u00e5tande - Medieco","og_description":"Tillg\u00e4nglighetsutl\u00e5tande beskriver hur www.medieco.fi f\u00f6ljer lagen om tillhandah\u00e5llande av digitala tj\u00e4nster, vilka brister som finns i tillg\u00e4ngligheten och hur du kan ge oss feedback om tillg\u00e4nglighetsfr\u00e5gor.","og_url":"https:\/\/medieco.fi\/sv\/tillganglighetsutlatande\/","og_site_name":"Medieco","article_publisher":"https:\/\/www.linkedin.com\/company\/medieco","article_modified_time":"2025-01-20T10:33:19+00:00","twitter_card":"summary_large_image","twitter_misc":{"Ber\u00e4knad l\u00e4stid":"3 minuter"},"schema":{"@context":"https:\/\/schema.org","@graph":[{"@type":"WebPage","@id":"https:\/\/medieco.fi\/sv\/tillganglighetsutlatande\/","url":"https:\/\/medieco.fi\/sv\/tillganglighetsutlatande\/","name":"Tillg\u00e4nglighetsutl\u00e5tande - Medieco","isPartOf":{"@id":"https:\/\/medieco.fi\/#website"},"datePublished":"2025-01-20T10:16:26+00:00","dateModified":"2025-01-20T10:33:19+00:00","description":"Tillg\u00e4nglighetsutl\u00e5tande beskriver hur www.medieco.fi f\u00f6ljer lagen om tillhandah\u00e5llande av digitala tj\u00e4nster, vilka brister som finns i tillg\u00e4ngligheten och hur du kan ge oss feedback om tillg\u00e4nglighetsfr\u00e5gor.","breadcrumb":{"@id":"https:\/\/medieco.fi\/sv\/tillganglighetsutlatande\/#breadcrumb"},"inLanguage":"sv-SE","potentialAction":[{"@type":"ReadAction","target":["https:\/\/medieco.fi\/sv\/tillganglighetsutlatande\/"]}]},{"@type":"BreadcrumbList","@id":"https:\/\/medieco.fi\/sv\/tillganglighetsutlatande\/#breadcrumb","itemListElement":[{"@type":"ListItem","position":1,"name":"Etusivu","item":"https:\/\/medieco.fi\/sv\/hemsida\/"},{"@type":"ListItem","position":2,"name":"Tillg\u00e4nglighetsutl\u00e5tande"}]},{"@type":"WebSite","@id":"https:\/\/medieco.fi\/#website","url":"https:\/\/medieco.fi\/","name":"Medieco","description":"Verkko-oppimisen asiantuntija","publisher":{"@id":"https:\/\/medieco.fi\/#organization"},"potentialAction":[{"@type":"SearchAction","target":{"@type":"EntryPoint","urlTemplate":"https:\/\/medieco.fi\/?s={search_term_string}"},"query-input":{"@type":"PropertyValueSpecification","valueRequired":true,"valueName":"search_term_string"}}],"inLanguage":"sv-SE"},{"@type":"Organization","@id":"https:\/\/medieco.fi\/#organization","name":"Medieco oy","url":"https:\/\/medieco.fi\/","logo":{"@type":"ImageObject","inLanguage":"sv-SE","@id":"https:\/\/medieco.fi\/#\/schema\/logo\/image\/","url":"https:\/\/medieco.fi\/wp-content\/uploads\/2022\/10\/Logo_verkkosivut.png","contentUrl":"https:\/\/medieco.fi\/wp-content\/uploads\/2022\/10\/Logo_verkkosivut.png","width":340,"height":150,"caption":"Medieco oy"},"image":{"@id":"https:\/\/medieco.fi\/#\/schema\/logo\/image\/"},"sameAs":["https:\/\/www.linkedin.com\/company\/medieco"]}]}},"_links":{"self":[{"href":"https:\/\/medieco.fi\/sv\/wp-json\/wp\/v2\/pages\/9497","targetHints":{"allow":["GET"]}}],"collection":[{"href":"https:\/\/medieco.fi\/sv\/wp-json\/wp\/v2\/pages"}],"about":[{"href":"https:\/\/medieco.fi\/sv\/wp-json\/wp\/v2\/types\/page"}],"author":[{"embeddable":true,"href":"https:\/\/medieco.fi\/sv\/wp-json\/wp\/v2\/users\/9"}],"replies":[{"embeddable":true,"href":"https:\/\/medieco.fi\/sv\/wp-json\/wp\/v2\/comments?post=9497"}],"version-history":[{"count":9,"href":"https:\/\/medieco.fi\/sv\/wp-json\/wp\/v2\/pages\/9497\/revisions"}],"predecessor-version":[{"id":9509,"href":"https:\/\/medieco.fi\/sv\/wp-json\/wp\/v2\/pages\/9497\/revisions\/9509"}],"wp:attachment":[{"href":"https:\/\/medieco.fi\/sv\/wp-json\/wp\/v2\/media?parent=9497"}],"curies":[{"name":"wp","href":"https:\/\/api.w.org\/{rel}","templated":true}]}}